{"id":333,"date":"2017-10-24T15:02:49","date_gmt":"2017-10-24T13:02:49","guid":{"rendered":"http:\/\/conceptsite2017.kindertherapieamstelveen.eu\/?page_id=333"},"modified":"2023-03-19T18:29:41","modified_gmt":"2023-03-19T16:29:41","slug":"about-me","status":"publish","type":"page","link":"https:\/\/kindertherapieamstelveen.nl\/en\/about-me\/","title":{"rendered":"About me"},"content":{"rendered":"<h2>Integrative child therapist H\u00e9l\u00e8ne in Amstelveen<\/h2>\n<div id=\"widgetcontainer_STRATP_cm4all_com_widgets_Separator_2438998\" class=\"cm_widget_block cm_widget cm4all_com_widgets_Separator cm_widget_block_center cm-pixel-large cm-pixel-xlarge\">My name is H\u00e9l\u00e8ne Mullers (1967). Married, mother of two children and I know both the joy as the challenges you encounter while raising a child.<\/div>\n<p><img loading=\"lazy\" decoding=\"async\" class=\"wp-image-836 size-medium alignleft\" src=\"https:\/\/kindertherapieamstelveen.nl\/wp-content\/uploads\/2023\/03\/BE43C2BC-9250-4C60-8B7F-1A97EDEED4CB-300x225.png\" alt=\"Kindertherapeut Helene\" width=\"300\" height=\"225\" srcset=\"https:\/\/kindertherapieamstelveen.nl\/wp-content\/uploads\/2023\/03\/BE43C2BC-9250-4C60-8B7F-1A97EDEED4CB-300x225.png 300w, https:\/\/kindertherapieamstelveen.nl\/wp-content\/uploads\/2023\/03\/BE43C2BC-9250-4C60-8B7F-1A97EDEED4CB.png 640w\" sizes=\"auto, (max-width: 300px) 100vw, 300px\" \/>Growing up in France, I moved to the Netherlands after finishing my studies in the field of business. Despite the succes I&#8217;ve experienced in the business world I never forgot the desire I once had. &#8220;To work with children&#8221;.<\/p>\n<p>I decided to follow my dream and in 2005 I started the post HBO education for Integrative Child Therapy, a 4 year study. More information on this study (in dutch):\u00a0 <a href=\"http:\/\/www.academie-psychotherapie.nl\">http:\/\/www.academie-psychotherapie.nl<\/a><\/p>\n<p>Looking for help for your child? I&#8217;d love to be of service to you!\u00a0 <a href=\"http:\/\/kindertherapieamstelveen.nl\/contact\" class=\"su-button su-button-style-flat\" style=\"color:#ffffff;background-color:#e14126;border-color:#b4341f;border-radius:9px\" target=\"_self\"><span style=\"color:#ffffff;padding:8px 24px;font-size:18px;line-height:27px;border-color:#ea7a68;border-radius:9px;text-shadow:none\"><i class=\"sui sui-arrow-circle-right\" style=\"font-size:18px;color:#FFFFFF\"><\/i> Contact<\/span><\/a>\n<h2>Child therapist in Amstelveen since 2007<\/h2>\n<p>Since 2007 I have helped parents and children in my practice Casa Tutti Frutti in Amstelveen. I provide child therapy, parent coaching and parental advise.<\/p>\n<h2>Youth therapist in Amstelveen since 2019<\/h2>\n<p>Since 2019 I also provide coaching and therapy for teenagers and young adults.<\/p>\n<p>Further development and learning of new skills are important to me. Every year I take several courses and workshops. For each child I develop a tailor-made therapy. In doing so I use not only my education as a child therapist but also techniques as EMDR, Emotional Freedom Technique (EFT), family constellation, mindfulness, Matrix, transactional analysis and other techniques.<\/p>\n<p>A lot of knowledge on highly gifted children I have obtained from my 2 year education at Novilo (<a class=\"cm_anchor\" href=\"http:\/\/www.novilo.nl\/\" target=\"_blank\" rel=\"noopener\">www.novilo.nl<\/a>).<\/p>\n<p>Things that I have learned, I apply and pass on. It gives me great satisfaction to see children and teenagers blossom and be happy again.<\/p>\n<p>In need of a child or youth therapist in Amstelveen? Please <a href=\"http:\/\/kindertherapieamstelveen.nl\/contact\/\">contact <\/a>me for more information.<\/p>\n","protected":false},"excerpt":{"rendered":"<p>Integrative child therapist H\u00e9l\u00e8ne in Amstelveen My name is H\u00e9l\u00e8ne Mullers (1967). Married, mother of two children and I know both the joy as the challenges you encounter while raising a child. Growing up in France, I moved to the Netherlands after finishing my studies in the field of business. Despite the succes I&#8217;ve experienced &#8230; <a title=\"About me\" class=\"read-more\" href=\"https:\/\/kindertherapieamstelveen.nl\/en\/about-me\/\" aria-label=\"Read more about About me\">Lees meer<\/a><\/p>\n","protected":false},"author":4,"featured_media":0,"parent":0,"menu_order":0,"comment_status":"closed","ping_status":"closed","template":"","meta":{"_monsterinsights_skip_tracking":false,"_monsterinsights_sitenote_active":false,"_monsterinsights_sitenote_note":"","_monsterinsights_sitenote_category":0,"footnotes":""},"class_list":["post-333","page","type-page","status-publish"],"_links":{"self":[{"href":"https:\/\/kindertherapieamstelveen.nl\/en\/wp-json\/wp\/v2\/pages\/333","targetHints":{"allow":["GET"]}}],"collection":[{"href":"https:\/\/kindertherapieamstelveen.nl\/en\/wp-json\/wp\/v2\/pages"}],"about":[{"href":"https:\/\/kindertherapieamstelveen.nl\/en\/wp-json\/wp\/v2\/types\/page"}],"author":[{"embeddable":true,"href":"https:\/\/kindertherapieamstelveen.nl\/en\/wp-json\/wp\/v2\/users\/4"}],"replies":[{"embeddable":true,"href":"https:\/\/kindertherapieamstelveen.nl\/en\/wp-json\/wp\/v2\/comments?post=333"}],"version-history":[{"count":7,"href":"https:\/\/kindertherapieamstelveen.nl\/en\/wp-json\/wp\/v2\/pages\/333\/revisions"}],"predecessor-version":[{"id":848,"href":"https:\/\/kindertherapieamstelveen.nl\/en\/wp-json\/wp\/v2\/pages\/333\/revisions\/848"}],"wp:attachment":[{"href":"https:\/\/kindertherapieamstelveen.nl\/en\/wp-json\/wp\/v2\/media?parent=333"}],"curies":[{"name":"wp","href":"https:\/\/api.w.org\/{rel}","templated":true}]}}